{"id":849,"date":"2014-12-01T12:58:00","date_gmt":"2014-12-01T10:58:00","guid":{"rendered":"https:\/\/localhost\/perfektegesundheit\/?page_id=849"},"modified":"2014-12-05T19:25:21","modified_gmt":"2014-12-05T17:25:21","slug":"perfekte-gesundheit-blog","status":"publish","type":"page","link":"https:\/\/www.perfektegesundheit.de\/blog\/perfekte-gesundheit-blog\/","title":{"rendered":"Perfekte Gesundheit Blog"},"content":{"rendered":"[vc_row][vc_column width=&#8220;1\/1&#8243; el_class=&#8220;karussel&#8220;][carousel magz_title=&#8220;Neues von perfektegesundheit.de&#8220; magz_columns=&#8220;4&#8243; magz_count=&#8220;8&#8243; magz_big_excerpt=&#8220;23&#8243; magz_info=&#8220;yes&#8220; magz_reviews=&#8220;yes&#8220; carousel_slide=&#8220;yes&#8220; magz_big_image_size=&#8220;440&#215;250&#8243;][\/vc_column][\/vc_row][vc_row][vc_column width=&#8220;2\/3&#8243; el_class=&#8220;inhalt&#8220;][blog1 magz_count=&#8220;9&#8243; magz_big_excerpt=&#8220;35&#8243; magz_big_image_size=&#8220;450&#215;250&#8243; magz_more=&#8220;yes&#8220; magz_pagination=&#8220;yes&#8220;][\/vc_column][vc_column width=&#8220;1\/3&#8243;][vc_widget_sidebar sidebar_id=&#8220;global-sidebar&#8220;][\/vc_column][\/vc_row]\n","protected":false},"excerpt":{"rendered":"<p>[vc_row][vc_column width=&#8220;1\/1&#8243; el_class=&#8220;karussel&#8220;][carousel magz_title=&#8220;Neues von perfektegesundheit.de&#8220; magz_columns=&#8220;4&#8243; magz_count=&#8220;8&#8243; magz_big_excerpt=&#8220;23&#8243; magz_info=&#8220;yes&#8220; magz_reviews=&#8220;yes&#8220; carousel_slide=&#8220;yes&#8220; magz_big_image_size=&#8220;440&#215;250&#8243;][\/vc_column][\/vc_row][vc_row][vc_column width=&#8220;2\/3&#8243; el_class=&#8220;inhalt&#8220;][blog1 magz_count=&#8220;9&#8243; magz_big_excerpt=&#8220;35&#8243; magz_big_image_size=&#8220;450&#215;250&#8243; magz_more=&#8220;yes&#8220; magz_pagination=&#8220;yes&#8220;][\/vc_column][vc_column width=&#8220;1\/3&#8243;][vc_widget_sidebar sidebar_id=&#8220;global-sidebar&#8220;][\/vc_column][\/vc_row]<\/p>\n","protected":false},"author":4,"featured_media":0,"parent":0,"menu_order":0,"comment_status":"open","ping_status":"open","template":"homepage-slider1.php","meta":{"_uag_custom_page_level_css":"","wprm-recipe-roundup-name":"","wprm-recipe-roundup-description":"","footnotes":""},"class_list":["post-849","page","type-page","status-publish"],"yoast_head":"<!-- This site is optimized with the Yoast SEO plugin v26.5 - https:\/\/yoast.com\/wordpress\/plugins\/seo\/ -->\n<title>Gesunde Ern\u00e4hrung mit Vollwertkost &amp; Rohkost \u00bb Perfekte Gesundheit Blog<\/title>\n<meta name=\"description\" content=\"10 Tipps wie Sie eine Erk\u00e4ltung wirksam vorbeugen, Was h\u00e4lt Michael Mittermeier von gr\u00fcnen Smoothies?, Simon Bodzioch \u00fcber gr\u00fcne Smoothies\" \/>\n<meta name=\"robots\" content=\"index, follow, max-snippet:-1, max-image-preview:large, max-video-preview:-1\" \/>\n<link rel=\"canonical\" href=\"https:\/\/www.perfektegesundheit.de\/blog\/perfekte-gesundheit-blog\/\" \/>\n<meta property=\"og:locale\" content=\"de_DE\" \/>\n<meta property=\"og:type\" content=\"article\" \/>\n<meta property=\"og:title\" content=\"Gesunde Ern\u00e4hrung mit Vollwertkost &amp; Rohkost \u00bb Perfekte Gesundheit Blog\" \/>\n<meta property=\"og:description\" content=\"10 Tipps wie Sie eine Erk\u00e4ltung wirksam vorbeugen, Was h\u00e4lt Michael Mittermeier von gr\u00fcnen Smoothies?, Simon Bodzioch \u00fcber gr\u00fcne Smoothies\" \/>\n<meta property=\"og:url\" content=\"https:\/\/www.perfektegesundheit.de\/blog\/perfekte-gesundheit-blog\/\" \/>\n<meta property=\"og:site_name\" content=\"Perfekte Gesundheit Blog\" \/>\n<meta property=\"article:publisher\" content=\"https:\/\/www.facebook.com\/PerfekteGesundheitShop\/\" \/>\n<meta property=\"article:modified_time\" content=\"2014-12-05T17:25:21+00:00\" \/>\n<script type=\"application\/ld+json\" class=\"yoast-schema-graph\">{\"@context\":\"https:\/\/schema.org\",\"@graph\":[{\"@type\":\"WebPage\",\"@id\":\"https:\/\/www.perfektegesundheit.de\/blog\/perfekte-gesundheit-blog\/\",\"url\":\"https:\/\/www.perfektegesundheit.de\/blog\/perfekte-gesundheit-blog\/\",\"name\":\"Gesunde Ern\u00e4hrung mit Vollwertkost & Rohkost \u00bb Perfekte Gesundheit Blog\",\"isPartOf\":{\"@id\":\"https:\/\/www.perfektegesundheit.de\/blog\/#website\"},\"datePublished\":\"2014-12-01T10:58:00+00:00\",\"dateModified\":\"2014-12-05T17:25:21+00:00\",\"description\":\"10 Tipps wie Sie eine Erk\u00e4ltung wirksam vorbeugen, Was h\u00e4lt Michael Mittermeier von gr\u00fcnen Smoothies?, Simon Bodzioch \u00fcber gr\u00fcne Smoothies\",\"breadcrumb\":{\"@id\":\"https:\/\/www.perfektegesundheit.de\/blog\/perfekte-gesundheit-blog\/#breadcrumb\"},\"inLanguage\":\"de\",\"potentialAction\":[{\"@type\":\"ReadAction\",\"target\":[\"https:\/\/www.perfektegesundheit.de\/blog\/perfekte-gesundheit-blog\/\"]}]},{\"@type\":\"BreadcrumbList\",\"@id\":\"https:\/\/www.perfektegesundheit.de\/blog\/perfekte-gesundheit-blog\/#breadcrumb\",\"itemListElement\":[{\"@type\":\"ListItem\",\"position\":1,\"name\":\"Home\",\"item\":\"https:\/\/www.perfektegesundheit.de\/blog\/\"},{\"@type\":\"ListItem\",\"position\":2,\"name\":\"Perfekte Gesundheit Blog\"}]},{\"@type\":\"WebSite\",\"@id\":\"https:\/\/www.perfektegesundheit.de\/blog\/#website\",\"url\":\"https:\/\/www.perfektegesundheit.de\/blog\/\",\"name\":\"Perfekte Gesundheit Blog\",\"description\":\"Gesunde Ern\u00e4hrung mit Vollwertkost &amp; Rohkost\",\"publisher\":{\"@id\":\"https:\/\/www.perfektegesundheit.de\/blog\/#organization\"},\"potentialAction\":[{\"@type\":\"SearchAction\",\"target\":{\"@type\":\"EntryPoint\",\"urlTemplate\":\"https:\/\/www.perfektegesundheit.de\/blog\/?s={search_term_string}\"},\"query-input\":{\"@type\":\"PropertyValueSpecification\",\"valueRequired\":true,\"valueName\":\"search_term_string\"}}],\"inLanguage\":\"de\"},{\"@type\":\"Organization\",\"@id\":\"https:\/\/www.perfektegesundheit.de\/blog\/#organization\",\"name\":\"PerfekteGesundheit.de - Simon Bodzioch\",\"url\":\"https:\/\/www.perfektegesundheit.de\/blog\/\",\"logo\":{\"@type\":\"ImageObject\",\"inLanguage\":\"de\",\"@id\":\"https:\/\/www.perfektegesundheit.de\/blog\/#\/schema\/logo\/image\/\",\"url\":\"https:\/\/www.perfektegesundheit.de\/blog\/wp-content\/uploads\/2020\/01\/logo.jpg\",\"contentUrl\":\"https:\/\/www.perfektegesundheit.de\/blog\/wp-content\/uploads\/2020\/01\/logo.jpg\",\"width\":185,\"height\":78,\"caption\":\"PerfekteGesundheit.de - Simon Bodzioch\"},\"image\":{\"@id\":\"https:\/\/www.perfektegesundheit.de\/blog\/#\/schema\/logo\/image\/\"},\"sameAs\":[\"https:\/\/www.facebook.com\/PerfekteGesundheitShop\/\",\"https:\/\/x.com\/gesundheit_shop\",\"https:\/\/instagram.com\/perfektegesundheit\",\"https:\/\/www.pinterest.de\/entsafter\/\",\"http:\/\/www.youtube.com\/PerfekteGesundheit\"]}]}<\/script>\n<!-- \/ Yoast SEO plugin. -->","yoast_head_json":{"title":"Gesunde Ern\u00e4hrung mit Vollwertkost & Rohkost \u00bb Perfekte Gesundheit Blog","description":"10 Tipps wie Sie eine Erk\u00e4ltung wirksam vorbeugen, Was h\u00e4lt Michael Mittermeier von gr\u00fcnen Smoothies?, Simon Bodzioch \u00fcber gr\u00fcne Smoothies","robots":{"index":"index","follow":"follow","max-snippet":"max-snippet:-1","max-image-preview":"max-image-preview:large","max-video-preview":"max-video-preview:-1"},"canonical":"https:\/\/www.perfektegesundheit.de\/blog\/perfekte-gesundheit-blog\/","og_locale":"de_DE","og_type":"article","og_title":"Gesunde Ern\u00e4hrung mit Vollwertkost & Rohkost \u00bb Perfekte Gesundheit Blog","og_description":"10 Tipps wie Sie eine Erk\u00e4ltung wirksam vorbeugen, Was h\u00e4lt Michael Mittermeier von gr\u00fcnen Smoothies?, Simon Bodzioch \u00fcber gr\u00fcne Smoothies","og_url":"https:\/\/www.perfektegesundheit.de\/blog\/perfekte-gesundheit-blog\/","og_site_name":"Perfekte Gesundheit Blog","article_publisher":"https:\/\/www.facebook.com\/PerfekteGesundheitShop\/","article_modified_time":"2014-12-05T17:25:21+00:00","schema":{"@context":"https:\/\/schema.org","@graph":[{"@type":"WebPage","@id":"https:\/\/www.perfektegesundheit.de\/blog\/perfekte-gesundheit-blog\/","url":"https:\/\/www.perfektegesundheit.de\/blog\/perfekte-gesundheit-blog\/","name":"Gesunde Ern\u00e4hrung mit Vollwertkost & Rohkost \u00bb Perfekte Gesundheit Blog","isPartOf":{"@id":"https:\/\/www.perfektegesundheit.de\/blog\/#website"},"datePublished":"2014-12-01T10:58:00+00:00","dateModified":"2014-12-05T17:25:21+00:00","description":"10 Tipps wie Sie eine Erk\u00e4ltung wirksam vorbeugen, Was h\u00e4lt Michael Mittermeier von gr\u00fcnen Smoothies?, Simon Bodzioch \u00fcber gr\u00fcne Smoothies","breadcrumb":{"@id":"https:\/\/www.perfektegesundheit.de\/blog\/perfekte-gesundheit-blog\/#breadcrumb"},"inLanguage":"de","potentialAction":[{"@type":"ReadAction","target":["https:\/\/www.perfektegesundheit.de\/blog\/perfekte-gesundheit-blog\/"]}]},{"@type":"BreadcrumbList","@id":"https:\/\/www.perfektegesundheit.de\/blog\/perfekte-gesundheit-blog\/#breadcrumb","itemListElement":[{"@type":"ListItem","position":1,"name":"Home","item":"https:\/\/www.perfektegesundheit.de\/blog\/"},{"@type":"ListItem","position":2,"name":"Perfekte Gesundheit Blog"}]},{"@type":"WebSite","@id":"https:\/\/www.perfektegesundheit.de\/blog\/#website","url":"https:\/\/www.perfektegesundheit.de\/blog\/","name":"Perfekte Gesundheit Blog","description":"Gesunde Ern\u00e4hrung mit Vollwertkost &amp; Rohkost","publisher":{"@id":"https:\/\/www.perfektegesundheit.de\/blog\/#organization"},"potentialAction":[{"@type":"SearchAction","target":{"@type":"EntryPoint","urlTemplate":"https:\/\/www.perfektegesundheit.de\/blog\/?s={search_term_string}"},"query-input":{"@type":"PropertyValueSpecification","valueRequired":true,"valueName":"search_term_string"}}],"inLanguage":"de"},{"@type":"Organization","@id":"https:\/\/www.perfektegesundheit.de\/blog\/#organization","name":"PerfekteGesundheit.de - Simon Bodzioch","url":"https:\/\/www.perfektegesundheit.de\/blog\/","logo":{"@type":"ImageObject","inLanguage":"de","@id":"https:\/\/www.perfektegesundheit.de\/blog\/#\/schema\/logo\/image\/","url":"https:\/\/www.perfektegesundheit.de\/blog\/wp-content\/uploads\/2020\/01\/logo.jpg","contentUrl":"https:\/\/www.perfektegesundheit.de\/blog\/wp-content\/uploads\/2020\/01\/logo.jpg","width":185,"height":78,"caption":"PerfekteGesundheit.de - Simon Bodzioch"},"image":{"@id":"https:\/\/www.perfektegesundheit.de\/blog\/#\/schema\/logo\/image\/"},"sameAs":["https:\/\/www.facebook.com\/PerfekteGesundheitShop\/","https:\/\/x.com\/gesundheit_shop","https:\/\/instagram.com\/perfektegesundheit","https:\/\/www.pinterest.de\/entsafter\/","http:\/\/www.youtube.com\/PerfekteGesundheit"]}]}},"uagb_featured_image_src":{"full":false,"thumbnail":false,"medium":false,"medium_large":false,"large":false,"1536x1536":false,"2048x2048":false,"wprm-metadata-1_1":false,"wprm-metadata-4_3":false,"wprm-metadata-16_9":false,"yarpp-thumbnail":false},"uagb_author_info":{"display_name":"puma73","author_link":"https:\/\/www.perfektegesundheit.de\/blog\/author\/puma73\/"},"uagb_comment_info":0,"uagb_excerpt":"[vc_row][vc_column width=&#8220;1\/1&#8243; el_class=&#8220;karussel&#8220;][carousel magz_title=&#8220;Neues von perfektegesundheit.de&#8220; magz_columns=&#8220;4&#8243; magz_count=&#8220;8&#8243; magz_big_excerpt=&#8220;23&#8243; magz_info=&#8220;yes&#8220; magz_reviews=&#8220;yes&#8220; carousel_slide=&#8220;yes&#8220; magz_big_image_size=&#8220;440&#215;250&#8243;][\/vc_column][\/vc_row][vc_row][vc_column width=&#8220;2\/3&#8243; el_class=&#8220;inhalt&#8220;][blog1 magz_count=&#8220;9&#8243; magz_big_excerpt=&#8220;35&#8243; magz_big_image_size=&#8220;450&#215;250&#8243; magz_more=&#8220;yes&#8220; magz_pagination=&#8220;yes&#8220;][\/vc_column][vc_column width=&#8220;1\/3&#8243;][vc_widget_sidebar sidebar_id=&#8220;global-sidebar&#8220;][\/vc_column][\/vc_row]","_links":{"self":[{"href":"https:\/\/www.perfektegesundheit.de\/blog\/wp-json\/wp\/v2\/pages\/849","targetHints":{"allow":["GET"]}}],"collection":[{"href":"https:\/\/www.perfektegesundheit.de\/blog\/wp-json\/wp\/v2\/pages"}],"about":[{"href":"https:\/\/www.perfektegesundheit.de\/blog\/wp-json\/wp\/v2\/types\/page"}],"author":[{"embeddable":true,"href":"https:\/\/www.perfektegesundheit.de\/blog\/wp-json\/wp\/v2\/users\/4"}],"replies":[{"embeddable":true,"href":"https:\/\/www.perfektegesundheit.de\/blog\/wp-json\/wp\/v2\/comments?post=849"}],"version-history":[{"count":28,"href":"https:\/\/www.perfektegesundheit.de\/blog\/wp-json\/wp\/v2\/pages\/849\/revisions"}],"predecessor-version":[{"id":1172,"href":"https:\/\/www.perfektegesundheit.de\/blog\/wp-json\/wp\/v2\/pages\/849\/revisions\/1172"}],"wp:attachment":[{"href":"https:\/\/www.perfektegesundheit.de\/blog\/wp-json\/wp\/v2\/media?parent=849"}],"curies":[{"name":"wp","href":"https:\/\/api.w.org\/{rel}","templated":true}]}}